{"id":57,"date":"2022-09-03T22:50:42","date_gmt":"2022-09-03T22:50:42","guid":{"rendered":"http:\/\/serg.ecomp.poli.br\/?page_id=57"},"modified":"2023-02-24T22:11:17","modified_gmt":"2023-02-24T22:11:17","slug":"home","status":"publish","type":"page","link":"https:\/\/serg.ecomp.poli.br\/","title":{"rendered":"Home"},"content":{"rendered":"<div class=\"bannerHome\">\n<div>\n<h1>Bem-vindo!<\/h1>\n<p>Somos o Software Engineering Research Group (SERG) da Universidade de Pernambuco, dedicado a produzir contribui\u00e7\u00f5es cient\u00edficas te\u00f3ricas e pr\u00e1ticas para as \u00e1rea de Engenharia de Software.<\/p>\n<\/div>\n<\/div>\n<div class=\"maxSize\">\n<div class=\"homeNewsTitle\">\n<\/div>\n<\/div>\n<div class=\"Titulos vermelho\">\n<h1>Not\u00edcias<\/h1>\n<\/p><\/div>\n<div class=\"pesquisadoresLayout\">\n<style type='text\/css' media='all'>#rt-tpg-container-3382137606 .rt-holder .rt-woo-info .price{color:#15304c;}body .rt-tpg-container .rt-tpg-isotope-buttons .selected,\r\n\t\t\t\t\t#rt-tpg-container-3382137606 .layout12 .rt-holder:hover .rt-detail,\r\n\t\t\t\t\t#rt-tpg-container-3382137606 .isotope8 .rt-holder:hover .rt-detail,\r\n\t\t\t\t\t#rt-tpg-container-3382137606 .carousel8 .rt-holder:hover .rt-detail,\r\n\t\t\t\t\t#rt-tpg-container-3382137606 .layout13 .rt-holder .overlay .post-info,\r\n\t\t\t\t\t#rt-tpg-container-3382137606 .isotope9 .rt-holder .overlay .post-info,\r\n\t\t\t\t\t#rt-tpg-container-3382137606.rt-tpg-container .layout4 .rt-holder .rt-detail,\r\n\t\t\t\t\t.rt-modal-3382137606 .md-content,\r\n\t\t\t\t\t.rt-modal-3382137606 .md-content > .rt-md-content-holder .rt-md-content,\r\n\t\t\t\t\t.rt-popup-wrap-3382137606.rt-popup-wrap .rt-popup-navigation-wrap,\r\n\t\t\t\t\t#rt-tpg-container-3382137606 .carousel9 .rt-holder .overlay .post-info{background-color:#15304c;}#rt-tpg-container-3382137606 .layout5 .rt-holder .overlay, #rt-tpg-container-3382137606 .isotope2 .rt-holder .overlay, #rt-tpg-container-3382137606 .carousel2 .rt-holder .overlay,#rt-tpg-container-3382137606 .layout15 .rt-holder h3, #rt-tpg-container-3382137606 .isotope11 .rt-holder h3, #rt-tpg-container-3382137606 .carousel11 .rt-holder h3, #rt-tpg-container-3382137606 .layout16 .rt-holder h3,\r\n\t\t\t\t\t#rt-tpg-container-3382137606 .isotope12 .rt-holder h3, #rt-tpg-container-3382137606 .carousel12 .rt-holder h3 {background-color:rgba(21,48,76,0.8);}#rt-tpg-container-3382137606 .read-more a{border-radius:px;}#rt-tpg-container-3382137606 .rt-img-holder img.rt-img-responsive,#rt-tpg-container-3382137606 .rt-img-holder,\r\n\t\t\t\t\t#rt-tpg-container-3382137606 .rt-post-overlay .post-img,\r\n\t\t\t\t\t#rt-tpg-container-3382137606 .post-sm .post-img,\r\n\t\t\t\t\t#rt-tpg-container-3382137606 .rt-post-grid .post-img,\r\n\t\t\t\t\t#rt-tpg-container-3382137606 .post-img img {border-radius:px;}#rt-tpg-container-3382137606 .layout1 .rt-holder h2.entry-title,\r\n\t\t\t\t\t#rt-tpg-container-3382137606 .layout1 .rt-holder h3.entry-title,\r\n\t\t\t\t\t#rt-tpg-container-3382137606 .layout1 .rt-holder h4.entry-title,\r\n\t\t\t\t\t#rt-tpg-container-3382137606 .layout1 .rt-holder h2.entry-title a,\r\n\t\t\t\t\t#rt-tpg-container-3382137606 .layout1 .rt-holder h3.entry-title a,\r\n\t\t\t\t\t#rt-tpg-container-3382137606 .layout1 .rt-holder h4.entry-title a,\r\n\t\t\t\t\t#rt-tpg-container-3382137606 .rt-holder .rt-woo-info h2 a,\r\n\t\t\t\t\t#rt-tpg-container-3382137606 .rt-holder .rt-woo-info h3 a,\r\n\t\t\t\t\t#rt-tpg-container-3382137606 .rt-holder .rt-woo-info h4 a,\r\n\t\t\t\t\t#rt-tpg-container-3382137606 .post-content .post-title,\r\n\t\t\t\t\t#rt-tpg-container-3382137606 .rt-post-grid .post-title,\r\n\t\t\t\t\t#rt-tpg-container-3382137606 .rt-post-grid .post-title a,\r\n\t\t\t\t\t#rt-tpg-container-3382137606 .post-content .post-title a,\r\n\t\t\t\t\t#rt-tpg-container-3382137606 .rt-holder .rt-woo-info h2,\r\n\t\t\t\t\t#rt-tpg-container-3382137606 .rt-holder .rt-woo-info h3,\r\n\t\t\t\t\t#rt-tpg-container-3382137606 .rt-holder .rt-woo-info h4{color:#0a0a0a;}<\/style><div class='rt-container-fluid rt-tpg-container tpg-shortcode-main-wrapper ' id='rt-tpg-container-3382137606'   data-layout='layout1' data-grid-style='even' data-desktop-col='3'  data-tab-col='2'  data-mobile-col='1' data-sc-id='78'><div data-title='Loading ...' class='rt-row rt-content-loader layout1 tpg-even '><div class=\"rt-col-md-4 rt-col-sm-6 rt-col-xs-12 even-grid-item rt-grid-item img_no_effect\" data-id=\"99\"><div class=\"rt-holder\"><div class=\"rt-img-holder\"><a data-id=\"99\" class=\"\" href=\"https:\/\/serg.ecomp.poli.br\/?p=99\"><img width=\"580\" height=\"390\" src=\"https:\/\/serg.ecomp.poli.br\/wp-content\/uploads\/2022\/09\/pexels-krivec-ales-552779-1024x688.jpg\" class=\"rt-img-responsive \" alt=\"\" \/><\/a><\/div><div class='rt-detail'><h3 class=\"entry-title\"><a data-id=\"99\" class=\"\" href=\"https:\/\/serg.ecomp.poli.br\/?p=99\">Halloween day<\/a><\/h3><div class='post-meta-user  '><span class='date'><i class='far fa-calendar-alt'><\/i>October 12, 2022<\/span><span class='categories-links'><i class='fas fa-folder-open'><\/i><a href=\"https:\/\/serg.ecomp.poli.br\/?cat=1\" rel=\"tag\">Uncategorized<\/a><\/span><\/div><div class='tpg-excerpt'> ...<\/div><\/div><\/div><\/div><div class=\"rt-col-md-4 rt-col-sm-6 rt-col-xs-12 even-grid-item rt-grid-item img_no_effect\" data-id=\"97\"><div class=\"rt-holder\"><div class=\"rt-img-holder\"><a data-id=\"97\" class=\"\" href=\"https:\/\/serg.ecomp.poli.br\/?p=97\"><img width=\"580\" height=\"582\" src=\"https:\/\/serg.ecomp.poli.br\/wp-content\/uploads\/2022\/10\/Maria_lencastre.jpg\" class=\"rt-img-responsive \" alt=\"\" \/><\/a><\/div><div class='rt-detail'><h3 class=\"entry-title\"><a data-id=\"97\" class=\"\" href=\"https:\/\/serg.ecomp.poli.br\/?p=97\">Professora da Poli tem artigo aprovado em confer\u00eancia internacional<\/a><\/h3><div class='post-meta-user  '><span class='date'><i class='far fa-calendar-alt'><\/i>October 12, 2022<\/span><span class='categories-links'><i class='fas fa-folder-open'><\/i><a href=\"https:\/\/serg.ecomp.poli.br\/?cat=1\" rel=\"tag\">Uncategorized<\/a><\/span><\/div><div class='tpg-excerpt'>A professora Maria Lencastre Pinheiro de Menezes Cruz, teve artigo aprovado para a confere\u00eancia Software ...<\/div><\/div><\/div><\/div><div class=\"rt-col-md-4 rt-col-sm-6 rt-col-xs-12 even-grid-item rt-grid-item img_no_effect\" data-id=\"81\"><div class=\"rt-holder\"><div class=\"rt-img-holder\"><a data-id=\"81\" class=\"\" href=\"https:\/\/serg.ecomp.poli.br\/?p=81\"><img width=\"567\" height=\"140\" src=\"https:\/\/serg.ecomp.poli.br\/wp-content\/uploads\/2022\/08\/Site_Research_Group.png\" class=\"rt-img-responsive \" alt=\"\" \/><\/a><\/div><div class='rt-detail'><h3 class=\"entry-title\"><a data-id=\"81\" class=\"\" href=\"https:\/\/serg.ecomp.poli.br\/?p=81\">Novo site do grupo de pesquisa SERG<\/a><\/h3><div class='post-meta-user  '><span class='date'><i class='far fa-calendar-alt'><\/i>September 4, 2022<\/span><span class='categories-links'><i class='fas fa-folder-open'><\/i><a href=\"https:\/\/serg.ecomp.poli.br\/?cat=5\" rel=\"tag\">News<\/a><\/span><\/div><div class='tpg-excerpt'>Novos recursos, novos servi\u00e7os, cara nova Com o intuito de compartilhar artefatos relacionados a Engenharia ...<\/div><\/div><\/div><\/div><div class=\"rt-col-md-4 rt-col-sm-6 rt-col-xs-12 even-grid-item rt-grid-item img_no_effect\" data-id=\"22\"><div class=\"rt-holder\"><div class='rt-detail'><h3 class=\"entry-title\"><a data-id=\"22\" class=\"\" href=\"https:\/\/serg.ecomp.poli.br\/?p=22\">Projetos<\/a><\/h3><div class='post-meta-user  '><span class='date'><i class='far fa-calendar-alt'><\/i>August 17, 2022<\/span><span class='categories-links'><i class='fas fa-folder-open'><\/i><a href=\"https:\/\/serg.ecomp.poli.br\/?cat=1\" rel=\"tag\">Uncategorized<\/a><\/span><\/div><div class='tpg-excerpt'> ...<\/div><\/div><\/div><\/div><div class=\"rt-col-md-4 rt-col-sm-6 rt-col-xs-12 even-grid-item rt-grid-item img_no_effect\" data-id=\"1\"><div class=\"rt-holder\"><div class='rt-detail'><h3 class=\"entry-title\"><a data-id=\"1\" class=\"\" href=\"https:\/\/serg.ecomp.poli.br\/?p=1\">Hello world!<\/a><\/h3><div class='post-meta-user  '><span class='date'><i class='far fa-calendar-alt'><\/i>August 5, 2022<\/span><span class='categories-links'><i class='fas fa-folder-open'><\/i><a href=\"https:\/\/serg.ecomp.poli.br\/?cat=1\" rel=\"tag\">Uncategorized<\/a><\/span><\/div><div class='tpg-excerpt'>Welcome to WordPress. This is your first post. Edit or delete it, then start writing! ...<\/div><\/div><\/div><\/div><\/div><\/div><\/div>\n","protected":false},"excerpt":{"rendered":"<p>Bem-vindo! Somos o Software Engineering Research Group (SERG) da Universidade de Pernambuco, dedicado a produzir contribui\u00e7\u00f5es cient\u00edficas te\u00f3ricas e pr\u00e1ticas para as \u00e1rea de Engenharia de Software. Not\u00edcias<\/p>\n","protected":false},"author":2,"featured_media":0,"parent":0,"menu_order":0,"comment_status":"closed","ping_status":"closed","template":"templates\/template-full-width.php","meta":[],"aioseo_notices":[],"_links":{"self":[{"href":"https:\/\/serg.ecomp.poli.br\/index.php?rest_route=\/wp\/v2\/pages\/57"}],"collection":[{"href":"https:\/\/serg.ecomp.poli.br\/index.php?rest_route=\/wp\/v2\/pages"}],"about":[{"href":"https:\/\/serg.ecomp.poli.br\/index.php?rest_route=\/wp\/v2\/types\/page"}],"author":[{"embeddable":true,"href":"https:\/\/serg.ecomp.poli.br\/index.php?rest_route=\/wp\/v2\/users\/2"}],"replies":[{"embeddable":true,"href":"https:\/\/serg.ecomp.poli.br\/index.php?rest_route=%2Fwp%2Fv2%2Fcomments&post=57"}],"version-history":[{"count":23,"href":"https:\/\/serg.ecomp.poli.br\/index.php?rest_route=\/wp\/v2\/pages\/57\/revisions"}],"predecessor-version":[{"id":83,"href":"https:\/\/serg.ecomp.poli.br\/index.php?rest_route=\/wp\/v2\/pages\/57\/revisions\/83"}],"wp:attachment":[{"href":"https:\/\/serg.ecomp.poli.br\/index.php?rest_route=%2Fwp%2Fv2%2Fmedia&parent=57"}],"curies":[{"name":"wp","href":"https:\/\/api.w.org\/{rel}","templated":true}]}}